{"id":2,"date":"2018-10-19T23:58:26","date_gmt":"2018-10-19T23:58:26","guid":{"rendered":"http:\/\/marcelino.cl\/?page_id=2"},"modified":"2025-02-04T16:37:58","modified_gmt":"2025-02-04T16:37:58","slug":"sample-page","status":"publish","type":"page","link":"https:\/\/marcelino.cl\/index.php\/sample-page\/","title":{"rendered":"Bienvenidos"},"content":{"rendered":"<p><img loading=\"lazy\" decoding=\"async\" class=\"alignnone size-medium wp-image-6\" src=\"https:\/\/marcelino.cl\/wp-content\/uploads\/2018\/10\/Presentaci\u00f3n-Salon_001-300x169.jpg\" alt=\"\" width=\"300\" height=\"169\" srcset=\"https:\/\/marcelino.cl\/wp-content\/uploads\/2018\/10\/Presentaci\u00f3n-Salon_001-300x169.jpg 300w, https:\/\/marcelino.cl\/wp-content\/uploads\/2018\/10\/Presentaci\u00f3n-Salon_001-768x432.jpg 768w, https:\/\/marcelino.cl\/wp-content\/uploads\/2018\/10\/Presentaci\u00f3n-Salon_001.jpg 960w\" sizes=\"auto, (max-width: 300px) 100vw, 300px\" \/><\/p>\n<p style=\"text-align: center;\">Nuestro Sal\u00f3n Unisex te invita a disfrutar de un buen corte de cabello y nuestra variedad de servicios como Tinturas, Alisados, Coloraci\u00f3n, Mechas,<span class=\"text_exposed_show\">Brushing y tratamientos capilares, adem\u00e1s encontraras la m\u00e1s amplia variedad de productos de belleza y cuidado del cabello con una atenci\u00f3n personalizada en nuestro acogedor local ubicado a solo pasos de Plaza de Armas en Coronel.&nbsp;<\/span><\/p>\n","protected":false},"excerpt":{"rendered":"<p>Nuestro Sal\u00f3n Unisex te invita a disfrutar de un buen corte de cabello y nuestra variedad [&hellip;]<\/p>\n","protected":false},"author":1,"featured_media":115,"parent":0,"menu_order":0,"comment_status":"closed","ping_status":"closed","template":"","meta":{"footnotes":""},"class_list":["post-2","page","type-page","status-publish","has-post-thumbnail","hentry"],"_links":{"self":[{"href":"https:\/\/marcelino.cl\/index.php\/wp-json\/wp\/v2\/pages\/2","targetHints":{"allow":["GET"]}}],"collection":[{"href":"https:\/\/marcelino.cl\/index.php\/wp-json\/wp\/v2\/pages"}],"about":[{"href":"https:\/\/marcelino.cl\/index.php\/wp-json\/wp\/v2\/types\/page"}],"author":[{"embeddable":true,"href":"https:\/\/marcelino.cl\/index.php\/wp-json\/wp\/v2\/users\/1"}],"replies":[{"embeddable":true,"href":"https:\/\/marcelino.cl\/index.php\/wp-json\/wp\/v2\/comments?post=2"}],"version-history":[{"count":2,"href":"https:\/\/marcelino.cl\/index.php\/wp-json\/wp\/v2\/pages\/2\/revisions"}],"predecessor-version":[{"id":119,"href":"https:\/\/marcelino.cl\/index.php\/wp-json\/wp\/v2\/pages\/2\/revisions\/119"}],"wp:featuredmedia":[{"embeddable":true,"href":"https:\/\/marcelino.cl\/index.php\/wp-json\/wp\/v2\/media\/115"}],"wp:attachment":[{"href":"https:\/\/marcelino.cl\/index.php\/wp-json\/wp\/v2\/media?parent=2"}],"curies":[{"name":"wp","href":"https:\/\/api.w.org\/{rel}","templated":true}]}}